{"id":1038,"date":"2018-08-01T10:51:57","date_gmt":"2018-08-01T13:51:57","guid":{"rendered":"https:\/\/cachacawiba.com.br\/wiba\/?post_type=product&#038;p=1038"},"modified":"2023-06-13T11:51:16","modified_gmt":"2023-06-13T14:51:16","slug":"wiba-senses-premium-750ml","status":"publish","type":"product","link":"https:\/\/cachacawiba.com.br\/wiba\/produto\/wiba-senses-premium-750ml\/","title":{"rendered":"WIBA! Senses Premium 750ml &#8211; ESGOTADO"},"content":{"rendered":"<p>WIBA! Senses. Quando duas madeiras se juntam, boas hist\u00f3rias est\u00e3o por vir. Com tr\u00eas anos de envelhecimento, voc\u00ea sentir\u00e1 a suavidade do Carvalho Americano com as notas adocicadas da madeira de Amburana. Uma intera\u00e7\u00e3o perfeita entre olfato e paladar. Sinta cada gole e redescubra o sabor da baunilha, das frutas secas e especiarias presentes neste Blend.\u00a0As garrafas foram importadas da Fran\u00e7a e s\u00e3o numeradas a um lote restrito de 01 a 897 unidades. Uma cacha\u00e7a \u00fanica, para poucos apreciadores.<\/p>\n<p>&nbsp;<\/p>\n<p><strong>Diferenciais:<\/strong><\/p>\n<p>\u2022 Diminu\u00edmos a concentra\u00e7\u00e3o de Alde\u00eddos, o vil\u00e3o da\u00a0<a href=\"https:\/\/cachacawiba.com.br\/wiba\/xo-ressaca\/\">ressaca<\/a>.<br \/>\n\u2022 Certificada pelo atestado de an\u00e1lise da ESALQ-USP.<br \/>\n\u2022 Lote restrito, tampas numeradas de 01 at\u00e9 897.<br \/>\n\u2022 Tr\u00eas anos de envelhecimento<br \/>\n\u2022 Garrafas importadas da Fran\u00e7a<\/p>\n<p>&nbsp;<\/p>\n<p><strong>Pr\u00eamios:<\/strong><\/p>\n<p>\u2022 Medalha de Prata no Concurso Mundial de Bruxelas 2018<br \/>\n\u2022 Medalha de Prata no IAC 2018 (Instituto Agron\u00f4mico de Campinas).<br \/>\n\u2022 5\u00ba lugar no Ranking de Cacha\u00e7as da Go&#8217;Where Gastronomia e Jovem Pan 2018.<\/p>\n<p>&nbsp;<\/p>\n<p>&nbsp;<\/p>\n<p><strong>Review Wiba! Senses pelo Mestre Alambiqueiro:<\/strong><\/p>\n<p><iframe loading=\"lazy\" title=\"Cacha\u00e7a Wiba! Senses\" width=\"500\" height=\"281\" src=\"https:\/\/www.youtube.com\/embed\/WWem0Yq-H0A?start=190&#038;feature=oembed\" frameborder=\"0\" allow=\"accelerometer; autoplay; clipboard-write; encrypted-media; gyroscope; picture-in-picture; web-share\" referrerpolicy=\"strict-origin-when-cross-origin\" allowfullscreen><\/iframe><\/p>\n","protected":false},"excerpt":{"rendered":"<p>Um lote de apenas 897 unidades comp\u00f5e este Blend de Carvalho Americano e Amburana com tr\u00eas anos de envelhecimento.<\/p>\n","protected":false},"featured_media":16238,"comment_status":"open","ping_status":"closed","template":"","meta":{"_acf_changed":false},"product_brand":[],"product_cat":[28],"product_tag":[],"class_list":{"0":"post-1038","1":"product","2":"type-product","3":"status-publish","4":"has-post-thumbnail","6":"product_cat-sem-categoria","7":"product_shipping_class-entrega-nas-proximidades","9":"first","10":"outofstock","11":"taxable","12":"shipping-taxable","13":"purchasable","14":"product-type-simple"},"acf":[],"yoast_head":"<!-- This site is optimized with the Yoast SEO plugin v26.9 - https:\/\/yoast.com\/product\/yoast-seo-wordpress\/ -->\n<title>WIBA! Senses Premium 750ml | Cacha\u00e7a WIBA! | Sensa\u00e7\u00f5es em Cacha\u00e7a<\/title>\n<meta name=\"description\" content=\"Um lote de apenas 897 unidades comp\u00f5e a WIBA! Senses, um Blend de Carvalho Americano e Amburana com tr\u00eas anos de envelhecimento.\" \/>\n<meta name=\"robots\" content=\"index, follow, max-snippet:-1, max-image-preview:large, max-video-preview:-1\" \/>\n<link rel=\"canonical\" href=\"https:\/\/cachacawiba.com.br\/wiba\/produto\/wiba-senses-premium-750ml\/\" \/>\n<meta property=\"og:locale\" content=\"pt_BR\" \/>\n<meta property=\"og:type\" content=\"article\" \/>\n<meta property=\"og:title\" content=\"WIBA! Senses Premium 750ml | Cacha\u00e7a WIBA! | Sensa\u00e7\u00f5es em Cacha\u00e7a\" \/>\n<meta property=\"og:description\" content=\"Um lote de apenas 897 unidades comp\u00f5e a WIBA! Senses, um Blend de Carvalho Americano e Amburana com tr\u00eas anos de envelhecimento.\" \/>\n<meta property=\"og:url\" content=\"https:\/\/cachacawiba.com.br\/wiba\/produto\/wiba-senses-premium-750ml\/\" \/>\n<meta property=\"og:site_name\" content=\"Cacha\u00e7as Wiba! - Sensa\u00e7\u00f5es em Cacha\u00e7a\" \/>\n<meta property=\"article:modified_time\" content=\"2023-06-13T14:51:16+00:00\" \/>\n<meta property=\"og:image\" content=\"https:\/\/cachacawiba.com.br\/wiba\/wp-content\/uploads\/2018\/08\/senses-single-SITE.png\" \/>\n\t<meta property=\"og:image:width\" content=\"842\" \/>\n\t<meta property=\"og:image:height\" content=\"842\" \/>\n\t<meta property=\"og:image:type\" content=\"image\/png\" \/>\n<meta name=\"twitter:card\" content=\"summary_large_image\" \/>\n<meta name=\"twitter:label1\" content=\"Est. tempo de leitura\" \/>\n\t<meta name=\"twitter:data1\" content=\"1 minuto\" \/>\n<script type=\"application\/ld+json\" class=\"yoast-schema-graph\">{\"@context\":\"https:\/\/schema.org\",\"@graph\":[{\"@type\":\"WebPage\",\"@id\":\"https:\/\/cachacawiba.com.br\/wiba\/produto\/wiba-senses-premium-750ml\/\",\"url\":\"https:\/\/cachacawiba.com.br\/wiba\/produto\/wiba-senses-premium-750ml\/\",\"name\":\"WIBA! Senses Premium 750ml | Cacha\u00e7a WIBA! | Sensa\u00e7\u00f5es em Cacha\u00e7a\",\"isPartOf\":{\"@id\":\"https:\/\/cachacawiba.com.br\/wiba\/#website\"},\"primaryImageOfPage\":{\"@id\":\"https:\/\/cachacawiba.com.br\/wiba\/produto\/wiba-senses-premium-750ml\/#primaryimage\"},\"image\":{\"@id\":\"https:\/\/cachacawiba.com.br\/wiba\/produto\/wiba-senses-premium-750ml\/#primaryimage\"},\"thumbnailUrl\":\"https:\/\/cachacawiba.com.br\/wiba\/wp-content\/uploads\/2018\/08\/senses-single-SITE.png\",\"datePublished\":\"2018-08-01T13:51:57+00:00\",\"dateModified\":\"2023-06-13T14:51:16+00:00\",\"description\":\"Um lote de apenas 897 unidades comp\u00f5e a WIBA! Senses, um Blend de Carvalho Americano e Amburana com tr\u00eas anos de envelhecimento.\",\"breadcrumb\":{\"@id\":\"https:\/\/cachacawiba.com.br\/wiba\/produto\/wiba-senses-premium-750ml\/#breadcrumb\"},\"inLanguage\":\"pt-BR\",\"potentialAction\":[{\"@type\":\"ReadAction\",\"target\":[\"https:\/\/cachacawiba.com.br\/wiba\/produto\/wiba-senses-premium-750ml\/\"]}]},{\"@type\":\"ImageObject\",\"inLanguage\":\"pt-BR\",\"@id\":\"https:\/\/cachacawiba.com.br\/wiba\/produto\/wiba-senses-premium-750ml\/#primaryimage\",\"url\":\"https:\/\/cachacawiba.com.br\/wiba\/wp-content\/uploads\/2018\/08\/senses-single-SITE.png\",\"contentUrl\":\"https:\/\/cachacawiba.com.br\/wiba\/wp-content\/uploads\/2018\/08\/senses-single-SITE.png\",\"width\":842,\"height\":842},{\"@type\":\"BreadcrumbList\",\"@id\":\"https:\/\/cachacawiba.com.br\/wiba\/produto\/wiba-senses-premium-750ml\/#breadcrumb\",\"itemListElement\":[{\"@type\":\"ListItem\",\"position\":1,\"name\":\"In\u00edcio\",\"item\":\"https:\/\/cachacawiba.com.br\/wiba\/\"},{\"@type\":\"ListItem\",\"position\":2,\"name\":\"Loja\",\"item\":\"https:\/\/cachacawiba.com.br\/wiba\/?page_id=5\"},{\"@type\":\"ListItem\",\"position\":3,\"name\":\"WIBA! Senses Premium 750ml &#8211; ESGOTADO\"}]},{\"@type\":\"WebSite\",\"@id\":\"https:\/\/cachacawiba.com.br\/wiba\/#website\",\"url\":\"https:\/\/cachacawiba.com.br\/wiba\/\",\"name\":\"Cacha\u00e7as Wiba! - Sensa\u00e7\u00f5es em Cacha\u00e7a\",\"description\":\"Sensa\u00e7\u00f5es em cacha\u00e7a\",\"potentialAction\":[{\"@type\":\"SearchAction\",\"target\":{\"@type\":\"EntryPoint\",\"urlTemplate\":\"https:\/\/cachacawiba.com.br\/wiba\/?s={search_term_string}\"},\"query-input\":{\"@type\":\"PropertyValueSpecification\",\"valueRequired\":true,\"valueName\":\"search_term_string\"}}],\"inLanguage\":\"pt-BR\"}]}<\/script>\n<!-- \/ Yoast SEO plugin. -->","yoast_head_json":{"title":"WIBA! Senses Premium 750ml | Cacha\u00e7a WIBA! | Sensa\u00e7\u00f5es em Cacha\u00e7a","description":"Um lote de apenas 897 unidades comp\u00f5e a WIBA! Senses, um Blend de Carvalho Americano e Amburana com tr\u00eas anos de envelhecimento.","robots":{"index":"index","follow":"follow","max-snippet":"max-snippet:-1","max-image-preview":"max-image-preview:large","max-video-preview":"max-video-preview:-1"},"canonical":"https:\/\/cachacawiba.com.br\/wiba\/produto\/wiba-senses-premium-750ml\/","og_locale":"pt_BR","og_type":"article","og_title":"WIBA! Senses Premium 750ml | Cacha\u00e7a WIBA! | Sensa\u00e7\u00f5es em Cacha\u00e7a","og_description":"Um lote de apenas 897 unidades comp\u00f5e a WIBA! Senses, um Blend de Carvalho Americano e Amburana com tr\u00eas anos de envelhecimento.","og_url":"https:\/\/cachacawiba.com.br\/wiba\/produto\/wiba-senses-premium-750ml\/","og_site_name":"Cacha\u00e7as Wiba! - Sensa\u00e7\u00f5es em Cacha\u00e7a","article_modified_time":"2023-06-13T14:51:16+00:00","og_image":[{"width":842,"height":842,"url":"https:\/\/cachacawiba.com.br\/wiba\/wp-content\/uploads\/2018\/08\/senses-single-SITE.png","type":"image\/png"}],"twitter_card":"summary_large_image","twitter_misc":{"Est. tempo de leitura":"1 minuto"},"schema":{"@context":"https:\/\/schema.org","@graph":[{"@type":"WebPage","@id":"https:\/\/cachacawiba.com.br\/wiba\/produto\/wiba-senses-premium-750ml\/","url":"https:\/\/cachacawiba.com.br\/wiba\/produto\/wiba-senses-premium-750ml\/","name":"WIBA! Senses Premium 750ml | Cacha\u00e7a WIBA! | Sensa\u00e7\u00f5es em Cacha\u00e7a","isPartOf":{"@id":"https:\/\/cachacawiba.com.br\/wiba\/#website"},"primaryImageOfPage":{"@id":"https:\/\/cachacawiba.com.br\/wiba\/produto\/wiba-senses-premium-750ml\/#primaryimage"},"image":{"@id":"https:\/\/cachacawiba.com.br\/wiba\/produto\/wiba-senses-premium-750ml\/#primaryimage"},"thumbnailUrl":"https:\/\/cachacawiba.com.br\/wiba\/wp-content\/uploads\/2018\/08\/senses-single-SITE.png","datePublished":"2018-08-01T13:51:57+00:00","dateModified":"2023-06-13T14:51:16+00:00","description":"Um lote de apenas 897 unidades comp\u00f5e a WIBA! Senses, um Blend de Carvalho Americano e Amburana com tr\u00eas anos de envelhecimento.","breadcrumb":{"@id":"https:\/\/cachacawiba.com.br\/wiba\/produto\/wiba-senses-premium-750ml\/#breadcrumb"},"inLanguage":"pt-BR","potentialAction":[{"@type":"ReadAction","target":["https:\/\/cachacawiba.com.br\/wiba\/produto\/wiba-senses-premium-750ml\/"]}]},{"@type":"ImageObject","inLanguage":"pt-BR","@id":"https:\/\/cachacawiba.com.br\/wiba\/produto\/wiba-senses-premium-750ml\/#primaryimage","url":"https:\/\/cachacawiba.com.br\/wiba\/wp-content\/uploads\/2018\/08\/senses-single-SITE.png","contentUrl":"https:\/\/cachacawiba.com.br\/wiba\/wp-content\/uploads\/2018\/08\/senses-single-SITE.png","width":842,"height":842},{"@type":"BreadcrumbList","@id":"https:\/\/cachacawiba.com.br\/wiba\/produto\/wiba-senses-premium-750ml\/#breadcrumb","itemListElement":[{"@type":"ListItem","position":1,"name":"In\u00edcio","item":"https:\/\/cachacawiba.com.br\/wiba\/"},{"@type":"ListItem","position":2,"name":"Loja","item":"https:\/\/cachacawiba.com.br\/wiba\/?page_id=5"},{"@type":"ListItem","position":3,"name":"WIBA! Senses Premium 750ml &#8211; ESGOTADO"}]},{"@type":"WebSite","@id":"https:\/\/cachacawiba.com.br\/wiba\/#website","url":"https:\/\/cachacawiba.com.br\/wiba\/","name":"Cacha\u00e7as Wiba! - Sensa\u00e7\u00f5es em Cacha\u00e7a","description":"Sensa\u00e7\u00f5es em cacha\u00e7a","potentialAction":[{"@type":"SearchAction","target":{"@type":"EntryPoint","urlTemplate":"https:\/\/cachacawiba.com.br\/wiba\/?s={search_term_string}"},"query-input":{"@type":"PropertyValueSpecification","valueRequired":true,"valueName":"search_term_string"}}],"inLanguage":"pt-BR"}]}},"_links":{"self":[{"href":"https:\/\/cachacawiba.com.br\/wiba\/wp-json\/wp\/v2\/product\/1038","targetHints":{"allow":["GET"]}}],"collection":[{"href":"https:\/\/cachacawiba.com.br\/wiba\/wp-json\/wp\/v2\/product"}],"about":[{"href":"https:\/\/cachacawiba.com.br\/wiba\/wp-json\/wp\/v2\/types\/product"}],"replies":[{"embeddable":true,"href":"https:\/\/cachacawiba.com.br\/wiba\/wp-json\/wp\/v2\/comments?post=1038"}],"wp:featuredmedia":[{"embeddable":true,"href":"https:\/\/cachacawiba.com.br\/wiba\/wp-json\/wp\/v2\/media\/16238"}],"wp:attachment":[{"href":"https:\/\/cachacawiba.com.br\/wiba\/wp-json\/wp\/v2\/media?parent=1038"}],"wp:term":[{"taxonomy":"product_brand","embeddable":true,"href":"https:\/\/cachacawiba.com.br\/wiba\/wp-json\/wp\/v2\/product_brand?post=1038"},{"taxonomy":"product_cat","embeddable":true,"href":"https:\/\/cachacawiba.com.br\/wiba\/wp-json\/wp\/v2\/product_cat?post=1038"},{"taxonomy":"product_tag","embeddable":true,"href":"https:\/\/cachacawiba.com.br\/wiba\/wp-json\/wp\/v2\/product_tag?post=1038"}],"curies":[{"name":"wp","href":"https:\/\/api.w.org\/{rel}","templated":true}]}}