{"id":8,"date":"2017-07-27T14:20:00","date_gmt":"2017-07-27T17:20:00","guid":{"rendered":"http:\/\/cachacawiba.com.br\/wiba\/minha-conta\/"},"modified":"2019-04-09T22:22:14","modified_gmt":"2019-04-10T01:22:14","slug":"minha-conta","status":"publish","type":"page","link":"https:\/\/cachacawiba.com.br\/wiba\/minha-conta\/","title":{"rendered":"Minha conta"},"content":{"rendered":"<div class=\"woocommerce\"><\/div>\n","protected":false},"excerpt":{"rendered":"","protected":false},"author":1,"featured_media":0,"parent":0,"menu_order":0,"comment_status":"closed","ping_status":"closed","template":"woocommerce-account.php","meta":{"_acf_changed":false,"footnotes":""},"class_list":["post-8","page","type-page","status-publish","hentry"],"acf":[],"yoast_head":"<!-- This site is optimized with the Yoast SEO plugin v26.9 - https:\/\/yoast.com\/product\/yoast-seo-wordpress\/ -->\n<title>Minha conta - Cacha\u00e7as Wiba! - Sensa\u00e7\u00f5es em Cacha\u00e7a<\/title>\n<meta name=\"robots\" content=\"index, follow, max-snippet:-1, max-image-preview:large, max-video-preview:-1\" \/>\n<link rel=\"canonical\" href=\"https:\/\/cachacawiba.com.br\/wiba\/minha-conta\/\" \/>\n<meta property=\"og:locale\" content=\"pt_BR\" \/>\n<meta property=\"og:type\" content=\"article\" \/>\n<meta property=\"og:title\" content=\"Minha conta - Cacha\u00e7as Wiba! - Sensa\u00e7\u00f5es em Cacha\u00e7a\" \/>\n<meta property=\"og:url\" content=\"https:\/\/cachacawiba.com.br\/wiba\/minha-conta\/\" \/>\n<meta property=\"og:site_name\" content=\"Cacha\u00e7as Wiba! - Sensa\u00e7\u00f5es em Cacha\u00e7a\" \/>\n<meta property=\"article:modified_time\" content=\"2019-04-10T01:22:14+00:00\" \/>\n<meta name=\"twitter:card\" content=\"summary_large_image\" \/>\n<script type=\"application\/ld+json\" class=\"yoast-schema-graph\">{\"@context\":\"https:\/\/schema.org\",\"@graph\":[{\"@type\":\"WebPage\",\"@id\":\"https:\/\/cachacawiba.com.br\/wiba\/minha-conta\/\",\"url\":\"https:\/\/cachacawiba.com.br\/wiba\/minha-conta\/\",\"name\":\"Minha conta - Cacha\u00e7as Wiba! - Sensa\u00e7\u00f5es em Cacha\u00e7a\",\"isPartOf\":{\"@id\":\"https:\/\/cachacawiba.com.br\/wiba\/#website\"},\"datePublished\":\"2017-07-27T17:20:00+00:00\",\"dateModified\":\"2019-04-10T01:22:14+00:00\",\"breadcrumb\":{\"@id\":\"https:\/\/cachacawiba.com.br\/wiba\/minha-conta\/#breadcrumb\"},\"inLanguage\":\"pt-BR\",\"potentialAction\":[{\"@type\":\"ReadAction\",\"target\":[\"https:\/\/cachacawiba.com.br\/wiba\/minha-conta\/\"]}]},{\"@type\":\"BreadcrumbList\",\"@id\":\"https:\/\/cachacawiba.com.br\/wiba\/minha-conta\/#breadcrumb\",\"itemListElement\":[{\"@type\":\"ListItem\",\"position\":1,\"name\":\"In\u00edcio\",\"item\":\"https:\/\/cachacawiba.com.br\/wiba\/\"},{\"@type\":\"ListItem\",\"position\":2,\"name\":\"Minha conta\"}]},{\"@type\":\"WebSite\",\"@id\":\"https:\/\/cachacawiba.com.br\/wiba\/#website\",\"url\":\"https:\/\/cachacawiba.com.br\/wiba\/\",\"name\":\"Cacha\u00e7as Wiba! - Sensa\u00e7\u00f5es em Cacha\u00e7a\",\"description\":\"Sensa\u00e7\u00f5es em cacha\u00e7a\",\"potentialAction\":[{\"@type\":\"SearchAction\",\"target\":{\"@type\":\"EntryPoint\",\"urlTemplate\":\"https:\/\/cachacawiba.com.br\/wiba\/?s={search_term_string}\"},\"query-input\":{\"@type\":\"PropertyValueSpecification\",\"valueRequired\":true,\"valueName\":\"search_term_string\"}}],\"inLanguage\":\"pt-BR\"}]}<\/script>\n<!-- \/ Yoast SEO plugin. -->","yoast_head_json":{"title":"Minha conta - Cacha\u00e7as Wiba! - Sensa\u00e7\u00f5es em Cacha\u00e7a","robots":{"index":"index","follow":"follow","max-snippet":"max-snippet:-1","max-image-preview":"max-image-preview:large","max-video-preview":"max-video-preview:-1"},"canonical":"https:\/\/cachacawiba.com.br\/wiba\/minha-conta\/","og_locale":"pt_BR","og_type":"article","og_title":"Minha conta - Cacha\u00e7as Wiba! - Sensa\u00e7\u00f5es em Cacha\u00e7a","og_url":"https:\/\/cachacawiba.com.br\/wiba\/minha-conta\/","og_site_name":"Cacha\u00e7as Wiba! - Sensa\u00e7\u00f5es em Cacha\u00e7a","article_modified_time":"2019-04-10T01:22:14+00:00","twitter_card":"summary_large_image","schema":{"@context":"https:\/\/schema.org","@graph":[{"@type":"WebPage","@id":"https:\/\/cachacawiba.com.br\/wiba\/minha-conta\/","url":"https:\/\/cachacawiba.com.br\/wiba\/minha-conta\/","name":"Minha conta - Cacha\u00e7as Wiba! - Sensa\u00e7\u00f5es em Cacha\u00e7a","isPartOf":{"@id":"https:\/\/cachacawiba.com.br\/wiba\/#website"},"datePublished":"2017-07-27T17:20:00+00:00","dateModified":"2019-04-10T01:22:14+00:00","breadcrumb":{"@id":"https:\/\/cachacawiba.com.br\/wiba\/minha-conta\/#breadcrumb"},"inLanguage":"pt-BR","potentialAction":[{"@type":"ReadAction","target":["https:\/\/cachacawiba.com.br\/wiba\/minha-conta\/"]}]},{"@type":"BreadcrumbList","@id":"https:\/\/cachacawiba.com.br\/wiba\/minha-conta\/#breadcrumb","itemListElement":[{"@type":"ListItem","position":1,"name":"In\u00edcio","item":"https:\/\/cachacawiba.com.br\/wiba\/"},{"@type":"ListItem","position":2,"name":"Minha conta"}]},{"@type":"WebSite","@id":"https:\/\/cachacawiba.com.br\/wiba\/#website","url":"https:\/\/cachacawiba.com.br\/wiba\/","name":"Cacha\u00e7as Wiba! - Sensa\u00e7\u00f5es em Cacha\u00e7a","description":"Sensa\u00e7\u00f5es em cacha\u00e7a","potentialAction":[{"@type":"SearchAction","target":{"@type":"EntryPoint","urlTemplate":"https:\/\/cachacawiba.com.br\/wiba\/?s={search_term_string}"},"query-input":{"@type":"PropertyValueSpecification","valueRequired":true,"valueName":"search_term_string"}}],"inLanguage":"pt-BR"}]}},"_links":{"self":[{"href":"https:\/\/cachacawiba.com.br\/wiba\/wp-json\/wp\/v2\/pages\/8","targetHints":{"allow":["GET"]}}],"collection":[{"href":"https:\/\/cachacawiba.com.br\/wiba\/wp-json\/wp\/v2\/pages"}],"about":[{"href":"https:\/\/cachacawiba.com.br\/wiba\/wp-json\/wp\/v2\/types\/page"}],"author":[{"embeddable":true,"href":"https:\/\/cachacawiba.com.br\/wiba\/wp-json\/wp\/v2\/users\/1"}],"replies":[{"embeddable":true,"href":"https:\/\/cachacawiba.com.br\/wiba\/wp-json\/wp\/v2\/comments?post=8"}],"version-history":[{"count":1,"href":"https:\/\/cachacawiba.com.br\/wiba\/wp-json\/wp\/v2\/pages\/8\/revisions"}],"predecessor-version":[{"id":51,"href":"https:\/\/cachacawiba.com.br\/wiba\/wp-json\/wp\/v2\/pages\/8\/revisions\/51"}],"wp:attachment":[{"href":"https:\/\/cachacawiba.com.br\/wiba\/wp-json\/wp\/v2\/media?parent=8"}],"curies":[{"name":"wp","href":"https:\/\/api.w.org\/{rel}","templated":true}]}}