{"id":317,"date":"2017-11-09T15:18:09","date_gmt":"2017-11-09T17:18:09","guid":{"rendered":"http:\/\/cachacawiba.com.br\/wiba\/?page_id=317"},"modified":"2019-04-09T22:22:24","modified_gmt":"2019-04-10T01:22:24","slug":"xo-ressaca","status":"publish","type":"page","link":"https:\/\/cachacawiba.com.br\/wiba\/xo-ressaca\/","title":{"rendered":"X\u00f4 ressaca"},"content":{"rendered":"","protected":false},"excerpt":{"rendered":"","protected":false},"author":1,"featured_media":0,"parent":0,"menu_order":0,"comment_status":"closed","ping_status":"closed","template":"page_xoressaca.php","meta":{"_acf_changed":false,"footnotes":""},"class_list":["post-317","page","type-page","status-publish","hentry"],"acf":[],"yoast_head":"<!-- This site is optimized with the Yoast SEO plugin v26.9 - https:\/\/yoast.com\/product\/yoast-seo-wordpress\/ -->\n<title>Cacha\u00e7as Wiba! - X\u00f4 ressaca, beba cacha\u00e7a com qualidade<\/title>\n<meta name=\"description\" content=\"Na produ\u00e7\u00e3o da cacha\u00e7a com qualidade, a WIBA! utiliza somente o l\u00edquido mais puro e nobre chamado de CORA\u00c7\u00c3O, o fil\u00e9 mignon da cacha\u00e7a.\" \/>\n<meta name=\"robots\" content=\"index, follow, max-snippet:-1, max-image-preview:large, max-video-preview:-1\" \/>\n<link rel=\"canonical\" href=\"https:\/\/cachacawiba.com.br\/wiba\/xo-ressaca\/\" \/>\n<meta property=\"og:locale\" content=\"pt_BR\" \/>\n<meta property=\"og:type\" content=\"article\" \/>\n<meta property=\"og:title\" content=\"Cacha\u00e7as Wiba! - X\u00f4 ressaca, beba cacha\u00e7a com qualidade\" \/>\n<meta property=\"og:description\" content=\"Na produ\u00e7\u00e3o da cacha\u00e7a com qualidade, a WIBA! utiliza somente o l\u00edquido mais puro e nobre chamado de CORA\u00c7\u00c3O, o fil\u00e9 mignon da cacha\u00e7a.\" \/>\n<meta property=\"og:url\" content=\"https:\/\/cachacawiba.com.br\/wiba\/xo-ressaca\/\" \/>\n<meta property=\"og:site_name\" content=\"Cacha\u00e7as Wiba! - Sensa\u00e7\u00f5es em Cacha\u00e7a\" \/>\n<meta property=\"article:modified_time\" content=\"2019-04-10T01:22:24+00:00\" \/>\n<meta name=\"twitter:card\" content=\"summary_large_image\" \/>\n<script type=\"application\/ld+json\" class=\"yoast-schema-graph\">{\"@context\":\"https:\/\/schema.org\",\"@graph\":[{\"@type\":\"WebPage\",\"@id\":\"https:\/\/cachacawiba.com.br\/wiba\/xo-ressaca\/\",\"url\":\"https:\/\/cachacawiba.com.br\/wiba\/xo-ressaca\/\",\"name\":\"Cacha\u00e7as Wiba! - X\u00f4 ressaca, beba cacha\u00e7a com qualidade\",\"isPartOf\":{\"@id\":\"https:\/\/cachacawiba.com.br\/wiba\/#website\"},\"datePublished\":\"2017-11-09T17:18:09+00:00\",\"dateModified\":\"2019-04-10T01:22:24+00:00\",\"description\":\"Na produ\u00e7\u00e3o da cacha\u00e7a com qualidade, a WIBA! utiliza somente o l\u00edquido mais puro e nobre chamado de CORA\u00c7\u00c3O, o fil\u00e9 mignon da cacha\u00e7a.\",\"breadcrumb\":{\"@id\":\"https:\/\/cachacawiba.com.br\/wiba\/xo-ressaca\/#breadcrumb\"},\"inLanguage\":\"pt-BR\",\"potentialAction\":[{\"@type\":\"ReadAction\",\"target\":[\"https:\/\/cachacawiba.com.br\/wiba\/xo-ressaca\/\"]}]},{\"@type\":\"BreadcrumbList\",\"@id\":\"https:\/\/cachacawiba.com.br\/wiba\/xo-ressaca\/#breadcrumb\",\"itemListElement\":[{\"@type\":\"ListItem\",\"position\":1,\"name\":\"In\u00edcio\",\"item\":\"https:\/\/cachacawiba.com.br\/wiba\/\"},{\"@type\":\"ListItem\",\"position\":2,\"name\":\"X\u00f4 ressaca\"}]},{\"@type\":\"WebSite\",\"@id\":\"https:\/\/cachacawiba.com.br\/wiba\/#website\",\"url\":\"https:\/\/cachacawiba.com.br\/wiba\/\",\"name\":\"Cacha\u00e7as Wiba! - Sensa\u00e7\u00f5es em Cacha\u00e7a\",\"description\":\"Sensa\u00e7\u00f5es em cacha\u00e7a\",\"potentialAction\":[{\"@type\":\"SearchAction\",\"target\":{\"@type\":\"EntryPoint\",\"urlTemplate\":\"https:\/\/cachacawiba.com.br\/wiba\/?s={search_term_string}\"},\"query-input\":{\"@type\":\"PropertyValueSpecification\",\"valueRequired\":true,\"valueName\":\"search_term_string\"}}],\"inLanguage\":\"pt-BR\"}]}<\/script>\n<!-- \/ Yoast SEO plugin. -->","yoast_head_json":{"title":"Cacha\u00e7as Wiba! - X\u00f4 ressaca, beba cacha\u00e7a com qualidade","description":"Na produ\u00e7\u00e3o da cacha\u00e7a com qualidade, a WIBA! utiliza somente o l\u00edquido mais puro e nobre chamado de CORA\u00c7\u00c3O, o fil\u00e9 mignon da cacha\u00e7a.","robots":{"index":"index","follow":"follow","max-snippet":"max-snippet:-1","max-image-preview":"max-image-preview:large","max-video-preview":"max-video-preview:-1"},"canonical":"https:\/\/cachacawiba.com.br\/wiba\/xo-ressaca\/","og_locale":"pt_BR","og_type":"article","og_title":"Cacha\u00e7as Wiba! - X\u00f4 ressaca, beba cacha\u00e7a com qualidade","og_description":"Na produ\u00e7\u00e3o da cacha\u00e7a com qualidade, a WIBA! utiliza somente o l\u00edquido mais puro e nobre chamado de CORA\u00c7\u00c3O, o fil\u00e9 mignon da cacha\u00e7a.","og_url":"https:\/\/cachacawiba.com.br\/wiba\/xo-ressaca\/","og_site_name":"Cacha\u00e7as Wiba! - Sensa\u00e7\u00f5es em Cacha\u00e7a","article_modified_time":"2019-04-10T01:22:24+00:00","twitter_card":"summary_large_image","schema":{"@context":"https:\/\/schema.org","@graph":[{"@type":"WebPage","@id":"https:\/\/cachacawiba.com.br\/wiba\/xo-ressaca\/","url":"https:\/\/cachacawiba.com.br\/wiba\/xo-ressaca\/","name":"Cacha\u00e7as Wiba! - X\u00f4 ressaca, beba cacha\u00e7a com qualidade","isPartOf":{"@id":"https:\/\/cachacawiba.com.br\/wiba\/#website"},"datePublished":"2017-11-09T17:18:09+00:00","dateModified":"2019-04-10T01:22:24+00:00","description":"Na produ\u00e7\u00e3o da cacha\u00e7a com qualidade, a WIBA! utiliza somente o l\u00edquido mais puro e nobre chamado de CORA\u00c7\u00c3O, o fil\u00e9 mignon da cacha\u00e7a.","breadcrumb":{"@id":"https:\/\/cachacawiba.com.br\/wiba\/xo-ressaca\/#breadcrumb"},"inLanguage":"pt-BR","potentialAction":[{"@type":"ReadAction","target":["https:\/\/cachacawiba.com.br\/wiba\/xo-ressaca\/"]}]},{"@type":"BreadcrumbList","@id":"https:\/\/cachacawiba.com.br\/wiba\/xo-ressaca\/#breadcrumb","itemListElement":[{"@type":"ListItem","position":1,"name":"In\u00edcio","item":"https:\/\/cachacawiba.com.br\/wiba\/"},{"@type":"ListItem","position":2,"name":"X\u00f4 ressaca"}]},{"@type":"WebSite","@id":"https:\/\/cachacawiba.com.br\/wiba\/#website","url":"https:\/\/cachacawiba.com.br\/wiba\/","name":"Cacha\u00e7as Wiba! - Sensa\u00e7\u00f5es em Cacha\u00e7a","description":"Sensa\u00e7\u00f5es em cacha\u00e7a","potentialAction":[{"@type":"SearchAction","target":{"@type":"EntryPoint","urlTemplate":"https:\/\/cachacawiba.com.br\/wiba\/?s={search_term_string}"},"query-input":{"@type":"PropertyValueSpecification","valueRequired":true,"valueName":"search_term_string"}}],"inLanguage":"pt-BR"}]}},"_links":{"self":[{"href":"https:\/\/cachacawiba.com.br\/wiba\/wp-json\/wp\/v2\/pages\/317","targetHints":{"allow":["GET"]}}],"collection":[{"href":"https:\/\/cachacawiba.com.br\/wiba\/wp-json\/wp\/v2\/pages"}],"about":[{"href":"https:\/\/cachacawiba.com.br\/wiba\/wp-json\/wp\/v2\/types\/page"}],"author":[{"embeddable":true,"href":"https:\/\/cachacawiba.com.br\/wiba\/wp-json\/wp\/v2\/users\/1"}],"replies":[{"embeddable":true,"href":"https:\/\/cachacawiba.com.br\/wiba\/wp-json\/wp\/v2\/comments?post=317"}],"version-history":[{"count":1,"href":"https:\/\/cachacawiba.com.br\/wiba\/wp-json\/wp\/v2\/pages\/317\/revisions"}],"predecessor-version":[{"id":318,"href":"https:\/\/cachacawiba.com.br\/wiba\/wp-json\/wp\/v2\/pages\/317\/revisions\/318"}],"wp:attachment":[{"href":"https:\/\/cachacawiba.com.br\/wiba\/wp-json\/wp\/v2\/media?parent=317"}],"curies":[{"name":"wp","href":"https:\/\/api.w.org\/{rel}","templated":true}]}}