{"id":299,"date":"2017-10-26T19:30:29","date_gmt":"2017-10-26T21:30:29","guid":{"rendered":"http:\/\/cachacawiba.com.br\/wiba\/?page_id=299"},"modified":"2019-07-17T19:36:28","modified_gmt":"2019-07-17T22:36:28","slug":"cachaca-alambique","status":"publish","type":"page","link":"https:\/\/cachacawiba.com.br\/wiba\/cachaca-alambique\/","title":{"rendered":"O Alambique"},"content":{"rendered":"","protected":false},"excerpt":{"rendered":"","protected":false},"author":1,"featured_media":0,"parent":0,"menu_order":0,"comment_status":"closed","ping_status":"closed","template":"page_alambique.php","meta":{"_acf_changed":false,"footnotes":""},"class_list":["post-299","page","type-page","status-publish","hentry"],"acf":[],"yoast_head":"<!-- This site is optimized with the Yoast SEO plugin v26.9 - https:\/\/yoast.com\/product\/yoast-seo-wordpress\/ -->\n<title>Conhe\u00e7a a verdadeira Cacha\u00e7a de Alambique | Cacha\u00e7as Wiba!<\/title>\n<meta name=\"description\" content=\"Voc\u00ea sabe quais as etapas de produ\u00e7\u00e3o de uma t\u00edpica cacha\u00e7a artesanal de alambique? Ent\u00e3o clique aqui.\" \/>\n<meta name=\"robots\" content=\"index, follow, max-snippet:-1, max-image-preview:large, max-video-preview:-1\" \/>\n<link rel=\"canonical\" href=\"https:\/\/cachacawiba.com.br\/wiba\/cachaca-alambique\/\" \/>\n<meta property=\"og:locale\" content=\"pt_BR\" \/>\n<meta property=\"og:type\" content=\"article\" \/>\n<meta property=\"og:title\" content=\"Conhe\u00e7a a verdadeira Cacha\u00e7a de Alambique | Cacha\u00e7as Wiba!\" \/>\n<meta property=\"og:description\" content=\"Voc\u00ea sabe quais as etapas de produ\u00e7\u00e3o de uma t\u00edpica cacha\u00e7a artesanal de alambique? Ent\u00e3o clique aqui.\" \/>\n<meta property=\"og:url\" content=\"https:\/\/cachacawiba.com.br\/wiba\/cachaca-alambique\/\" \/>\n<meta property=\"og:site_name\" content=\"Cacha\u00e7as Wiba! - Sensa\u00e7\u00f5es em Cacha\u00e7a\" \/>\n<meta property=\"article:modified_time\" content=\"2019-07-17T22:36:28+00:00\" \/>\n<meta name=\"twitter:card\" content=\"summary_large_image\" \/>\n<script type=\"application\/ld+json\" class=\"yoast-schema-graph\">{\"@context\":\"https:\/\/schema.org\",\"@graph\":[{\"@type\":\"WebPage\",\"@id\":\"https:\/\/cachacawiba.com.br\/wiba\/cachaca-alambique\/\",\"url\":\"https:\/\/cachacawiba.com.br\/wiba\/cachaca-alambique\/\",\"name\":\"Conhe\u00e7a a verdadeira Cacha\u00e7a de Alambique | Cacha\u00e7as Wiba!\",\"isPartOf\":{\"@id\":\"https:\/\/cachacawiba.com.br\/wiba\/#website\"},\"datePublished\":\"2017-10-26T21:30:29+00:00\",\"dateModified\":\"2019-07-17T22:36:28+00:00\",\"description\":\"Voc\u00ea sabe quais as etapas de produ\u00e7\u00e3o de uma t\u00edpica cacha\u00e7a artesanal de alambique? Ent\u00e3o clique aqui.\",\"breadcrumb\":{\"@id\":\"https:\/\/cachacawiba.com.br\/wiba\/cachaca-alambique\/#breadcrumb\"},\"inLanguage\":\"pt-BR\",\"potentialAction\":[{\"@type\":\"ReadAction\",\"target\":[\"https:\/\/cachacawiba.com.br\/wiba\/cachaca-alambique\/\"]}]},{\"@type\":\"BreadcrumbList\",\"@id\":\"https:\/\/cachacawiba.com.br\/wiba\/cachaca-alambique\/#breadcrumb\",\"itemListElement\":[{\"@type\":\"ListItem\",\"position\":1,\"name\":\"In\u00edcio\",\"item\":\"https:\/\/cachacawiba.com.br\/wiba\/\"},{\"@type\":\"ListItem\",\"position\":2,\"name\":\"O Alambique\"}]},{\"@type\":\"WebSite\",\"@id\":\"https:\/\/cachacawiba.com.br\/wiba\/#website\",\"url\":\"https:\/\/cachacawiba.com.br\/wiba\/\",\"name\":\"Cacha\u00e7as Wiba! - Sensa\u00e7\u00f5es em Cacha\u00e7a\",\"description\":\"Sensa\u00e7\u00f5es em cacha\u00e7a\",\"potentialAction\":[{\"@type\":\"SearchAction\",\"target\":{\"@type\":\"EntryPoint\",\"urlTemplate\":\"https:\/\/cachacawiba.com.br\/wiba\/?s={search_term_string}\"},\"query-input\":{\"@type\":\"PropertyValueSpecification\",\"valueRequired\":true,\"valueName\":\"search_term_string\"}}],\"inLanguage\":\"pt-BR\"}]}<\/script>\n<!-- \/ Yoast SEO plugin. -->","yoast_head_json":{"title":"Conhe\u00e7a a verdadeira Cacha\u00e7a de Alambique | Cacha\u00e7as Wiba!","description":"Voc\u00ea sabe quais as etapas de produ\u00e7\u00e3o de uma t\u00edpica cacha\u00e7a artesanal de alambique? Ent\u00e3o clique aqui.","robots":{"index":"index","follow":"follow","max-snippet":"max-snippet:-1","max-image-preview":"max-image-preview:large","max-video-preview":"max-video-preview:-1"},"canonical":"https:\/\/cachacawiba.com.br\/wiba\/cachaca-alambique\/","og_locale":"pt_BR","og_type":"article","og_title":"Conhe\u00e7a a verdadeira Cacha\u00e7a de Alambique | Cacha\u00e7as Wiba!","og_description":"Voc\u00ea sabe quais as etapas de produ\u00e7\u00e3o de uma t\u00edpica cacha\u00e7a artesanal de alambique? Ent\u00e3o clique aqui.","og_url":"https:\/\/cachacawiba.com.br\/wiba\/cachaca-alambique\/","og_site_name":"Cacha\u00e7as Wiba! - Sensa\u00e7\u00f5es em Cacha\u00e7a","article_modified_time":"2019-07-17T22:36:28+00:00","twitter_card":"summary_large_image","schema":{"@context":"https:\/\/schema.org","@graph":[{"@type":"WebPage","@id":"https:\/\/cachacawiba.com.br\/wiba\/cachaca-alambique\/","url":"https:\/\/cachacawiba.com.br\/wiba\/cachaca-alambique\/","name":"Conhe\u00e7a a verdadeira Cacha\u00e7a de Alambique | Cacha\u00e7as Wiba!","isPartOf":{"@id":"https:\/\/cachacawiba.com.br\/wiba\/#website"},"datePublished":"2017-10-26T21:30:29+00:00","dateModified":"2019-07-17T22:36:28+00:00","description":"Voc\u00ea sabe quais as etapas de produ\u00e7\u00e3o de uma t\u00edpica cacha\u00e7a artesanal de alambique? Ent\u00e3o clique aqui.","breadcrumb":{"@id":"https:\/\/cachacawiba.com.br\/wiba\/cachaca-alambique\/#breadcrumb"},"inLanguage":"pt-BR","potentialAction":[{"@type":"ReadAction","target":["https:\/\/cachacawiba.com.br\/wiba\/cachaca-alambique\/"]}]},{"@type":"BreadcrumbList","@id":"https:\/\/cachacawiba.com.br\/wiba\/cachaca-alambique\/#breadcrumb","itemListElement":[{"@type":"ListItem","position":1,"name":"In\u00edcio","item":"https:\/\/cachacawiba.com.br\/wiba\/"},{"@type":"ListItem","position":2,"name":"O Alambique"}]},{"@type":"WebSite","@id":"https:\/\/cachacawiba.com.br\/wiba\/#website","url":"https:\/\/cachacawiba.com.br\/wiba\/","name":"Cacha\u00e7as Wiba! - Sensa\u00e7\u00f5es em Cacha\u00e7a","description":"Sensa\u00e7\u00f5es em cacha\u00e7a","potentialAction":[{"@type":"SearchAction","target":{"@type":"EntryPoint","urlTemplate":"https:\/\/cachacawiba.com.br\/wiba\/?s={search_term_string}"},"query-input":{"@type":"PropertyValueSpecification","valueRequired":true,"valueName":"search_term_string"}}],"inLanguage":"pt-BR"}]}},"_links":{"self":[{"href":"https:\/\/cachacawiba.com.br\/wiba\/wp-json\/wp\/v2\/pages\/299","targetHints":{"allow":["GET"]}}],"collection":[{"href":"https:\/\/cachacawiba.com.br\/wiba\/wp-json\/wp\/v2\/pages"}],"about":[{"href":"https:\/\/cachacawiba.com.br\/wiba\/wp-json\/wp\/v2\/types\/page"}],"author":[{"embeddable":true,"href":"https:\/\/cachacawiba.com.br\/wiba\/wp-json\/wp\/v2\/users\/1"}],"replies":[{"embeddable":true,"href":"https:\/\/cachacawiba.com.br\/wiba\/wp-json\/wp\/v2\/comments?post=299"}],"version-history":[{"count":1,"href":"https:\/\/cachacawiba.com.br\/wiba\/wp-json\/wp\/v2\/pages\/299\/revisions"}],"predecessor-version":[{"id":300,"href":"https:\/\/cachacawiba.com.br\/wiba\/wp-json\/wp\/v2\/pages\/299\/revisions\/300"}],"wp:attachment":[{"href":"https:\/\/cachacawiba.com.br\/wiba\/wp-json\/wp\/v2\/media?parent=299"}],"curies":[{"name":"wp","href":"https:\/\/api.w.org\/{rel}","templated":true}]}}