{"id":296,"date":"2017-10-26T18:22:16","date_gmt":"2017-10-26T20:22:16","guid":{"rendered":"http:\/\/cachacawiba.com.br\/wiba\/?page_id=296"},"modified":"2019-04-09T22:21:54","modified_gmt":"2019-04-10T01:21:54","slug":"historia","status":"publish","type":"page","link":"https:\/\/cachacawiba.com.br\/wiba\/historia\/","title":{"rendered":"Hist\u00f3ria"},"content":{"rendered":"","protected":false},"excerpt":{"rendered":"","protected":false},"author":1,"featured_media":0,"parent":0,"menu_order":0,"comment_status":"closed","ping_status":"closed","template":"page_historia.php","meta":{"_acf_changed":false,"footnotes":""},"class_list":["post-296","page","type-page","status-publish","hentry"],"acf":[],"yoast_head":"<!-- This site is optimized with the Yoast SEO plugin v26.9 - https:\/\/yoast.com\/product\/yoast-seo-wordpress\/ -->\n<title>Cacha\u00e7as Wiba! - cacha\u00e7a artesanal e Caipirinha na Boca \u00ae<\/title>\n<meta name=\"description\" content=\"WIBA!, uma uni\u00e3o entre a tradi\u00e7\u00e3o da cacha\u00e7a artesanal com a inova\u00e7\u00e3o e a criatividade brasileira, um novo jeito de beber cacha\u00e7a, a Caipirinha na Boca \u00ae\" \/>\n<meta name=\"robots\" content=\"index, follow, max-snippet:-1, max-image-preview:large, max-video-preview:-1\" \/>\n<link rel=\"canonical\" href=\"https:\/\/cachacawiba.com.br\/wiba\/historia\/\" \/>\n<meta property=\"og:locale\" content=\"pt_BR\" \/>\n<meta property=\"og:type\" content=\"article\" \/>\n<meta property=\"og:title\" content=\"Cacha\u00e7as Wiba! - cacha\u00e7a artesanal e Caipirinha na Boca \u00ae\" \/>\n<meta property=\"og:description\" content=\"WIBA!, uma uni\u00e3o entre a tradi\u00e7\u00e3o da cacha\u00e7a artesanal com a inova\u00e7\u00e3o e a criatividade brasileira, um novo jeito de beber cacha\u00e7a, a Caipirinha na Boca \u00ae\" \/>\n<meta property=\"og:url\" content=\"https:\/\/cachacawiba.com.br\/wiba\/historia\/\" \/>\n<meta property=\"og:site_name\" content=\"Cacha\u00e7as Wiba! - Sensa\u00e7\u00f5es em Cacha\u00e7a\" \/>\n<meta property=\"article:modified_time\" content=\"2019-04-10T01:21:54+00:00\" \/>\n<meta name=\"twitter:card\" content=\"summary_large_image\" \/>\n<script type=\"application\/ld+json\" class=\"yoast-schema-graph\">{\"@context\":\"https:\/\/schema.org\",\"@graph\":[{\"@type\":\"WebPage\",\"@id\":\"https:\/\/cachacawiba.com.br\/wiba\/historia\/\",\"url\":\"https:\/\/cachacawiba.com.br\/wiba\/historia\/\",\"name\":\"Cacha\u00e7as Wiba! - cacha\u00e7a artesanal e Caipirinha na Boca \u00ae\",\"isPartOf\":{\"@id\":\"https:\/\/cachacawiba.com.br\/wiba\/#website\"},\"datePublished\":\"2017-10-26T20:22:16+00:00\",\"dateModified\":\"2019-04-10T01:21:54+00:00\",\"description\":\"WIBA!, uma uni\u00e3o entre a tradi\u00e7\u00e3o da cacha\u00e7a artesanal com a inova\u00e7\u00e3o e a criatividade brasileira, um novo jeito de beber cacha\u00e7a, a Caipirinha na Boca \u00ae\",\"breadcrumb\":{\"@id\":\"https:\/\/cachacawiba.com.br\/wiba\/historia\/#breadcrumb\"},\"inLanguage\":\"pt-BR\",\"potentialAction\":[{\"@type\":\"ReadAction\",\"target\":[\"https:\/\/cachacawiba.com.br\/wiba\/historia\/\"]}]},{\"@type\":\"BreadcrumbList\",\"@id\":\"https:\/\/cachacawiba.com.br\/wiba\/historia\/#breadcrumb\",\"itemListElement\":[{\"@type\":\"ListItem\",\"position\":1,\"name\":\"In\u00edcio\",\"item\":\"https:\/\/cachacawiba.com.br\/wiba\/\"},{\"@type\":\"ListItem\",\"position\":2,\"name\":\"Hist\u00f3ria\"}]},{\"@type\":\"WebSite\",\"@id\":\"https:\/\/cachacawiba.com.br\/wiba\/#website\",\"url\":\"https:\/\/cachacawiba.com.br\/wiba\/\",\"name\":\"Cacha\u00e7as Wiba! - Sensa\u00e7\u00f5es em Cacha\u00e7a\",\"description\":\"Sensa\u00e7\u00f5es em cacha\u00e7a\",\"potentialAction\":[{\"@type\":\"SearchAction\",\"target\":{\"@type\":\"EntryPoint\",\"urlTemplate\":\"https:\/\/cachacawiba.com.br\/wiba\/?s={search_term_string}\"},\"query-input\":{\"@type\":\"PropertyValueSpecification\",\"valueRequired\":true,\"valueName\":\"search_term_string\"}}],\"inLanguage\":\"pt-BR\"}]}<\/script>\n<!-- \/ Yoast SEO plugin. -->","yoast_head_json":{"title":"Cacha\u00e7as Wiba! - cacha\u00e7a artesanal e Caipirinha na Boca \u00ae","description":"WIBA!, uma uni\u00e3o entre a tradi\u00e7\u00e3o da cacha\u00e7a artesanal com a inova\u00e7\u00e3o e a criatividade brasileira, um novo jeito de beber cacha\u00e7a, a Caipirinha na Boca \u00ae","robots":{"index":"index","follow":"follow","max-snippet":"max-snippet:-1","max-image-preview":"max-image-preview:large","max-video-preview":"max-video-preview:-1"},"canonical":"https:\/\/cachacawiba.com.br\/wiba\/historia\/","og_locale":"pt_BR","og_type":"article","og_title":"Cacha\u00e7as Wiba! - cacha\u00e7a artesanal e Caipirinha na Boca \u00ae","og_description":"WIBA!, uma uni\u00e3o entre a tradi\u00e7\u00e3o da cacha\u00e7a artesanal com a inova\u00e7\u00e3o e a criatividade brasileira, um novo jeito de beber cacha\u00e7a, a Caipirinha na Boca \u00ae","og_url":"https:\/\/cachacawiba.com.br\/wiba\/historia\/","og_site_name":"Cacha\u00e7as Wiba! - Sensa\u00e7\u00f5es em Cacha\u00e7a","article_modified_time":"2019-04-10T01:21:54+00:00","twitter_card":"summary_large_image","schema":{"@context":"https:\/\/schema.org","@graph":[{"@type":"WebPage","@id":"https:\/\/cachacawiba.com.br\/wiba\/historia\/","url":"https:\/\/cachacawiba.com.br\/wiba\/historia\/","name":"Cacha\u00e7as Wiba! - cacha\u00e7a artesanal e Caipirinha na Boca \u00ae","isPartOf":{"@id":"https:\/\/cachacawiba.com.br\/wiba\/#website"},"datePublished":"2017-10-26T20:22:16+00:00","dateModified":"2019-04-10T01:21:54+00:00","description":"WIBA!, uma uni\u00e3o entre a tradi\u00e7\u00e3o da cacha\u00e7a artesanal com a inova\u00e7\u00e3o e a criatividade brasileira, um novo jeito de beber cacha\u00e7a, a Caipirinha na Boca \u00ae","breadcrumb":{"@id":"https:\/\/cachacawiba.com.br\/wiba\/historia\/#breadcrumb"},"inLanguage":"pt-BR","potentialAction":[{"@type":"ReadAction","target":["https:\/\/cachacawiba.com.br\/wiba\/historia\/"]}]},{"@type":"BreadcrumbList","@id":"https:\/\/cachacawiba.com.br\/wiba\/historia\/#breadcrumb","itemListElement":[{"@type":"ListItem","position":1,"name":"In\u00edcio","item":"https:\/\/cachacawiba.com.br\/wiba\/"},{"@type":"ListItem","position":2,"name":"Hist\u00f3ria"}]},{"@type":"WebSite","@id":"https:\/\/cachacawiba.com.br\/wiba\/#website","url":"https:\/\/cachacawiba.com.br\/wiba\/","name":"Cacha\u00e7as Wiba! - Sensa\u00e7\u00f5es em Cacha\u00e7a","description":"Sensa\u00e7\u00f5es em cacha\u00e7a","potentialAction":[{"@type":"SearchAction","target":{"@type":"EntryPoint","urlTemplate":"https:\/\/cachacawiba.com.br\/wiba\/?s={search_term_string}"},"query-input":{"@type":"PropertyValueSpecification","valueRequired":true,"valueName":"search_term_string"}}],"inLanguage":"pt-BR"}]}},"_links":{"self":[{"href":"https:\/\/cachacawiba.com.br\/wiba\/wp-json\/wp\/v2\/pages\/296","targetHints":{"allow":["GET"]}}],"collection":[{"href":"https:\/\/cachacawiba.com.br\/wiba\/wp-json\/wp\/v2\/pages"}],"about":[{"href":"https:\/\/cachacawiba.com.br\/wiba\/wp-json\/wp\/v2\/types\/page"}],"author":[{"embeddable":true,"href":"https:\/\/cachacawiba.com.br\/wiba\/wp-json\/wp\/v2\/users\/1"}],"replies":[{"embeddable":true,"href":"https:\/\/cachacawiba.com.br\/wiba\/wp-json\/wp\/v2\/comments?post=296"}],"version-history":[{"count":1,"href":"https:\/\/cachacawiba.com.br\/wiba\/wp-json\/wp\/v2\/pages\/296\/revisions"}],"predecessor-version":[{"id":297,"href":"https:\/\/cachacawiba.com.br\/wiba\/wp-json\/wp\/v2\/pages\/296\/revisions\/297"}],"wp:attachment":[{"href":"https:\/\/cachacawiba.com.br\/wiba\/wp-json\/wp\/v2\/media?parent=296"}],"curies":[{"name":"wp","href":"https:\/\/api.w.org\/{rel}","templated":true}]}}