{"id":270,"date":"2017-10-04T11:22:52","date_gmt":"2017-10-04T14:22:52","guid":{"rendered":"http:\/\/cachacawiba.com.br\/wiba\/?page_id=270"},"modified":"2019-04-09T22:22:15","modified_gmt":"2019-04-10T01:22:15","slug":"midias","status":"publish","type":"page","link":"https:\/\/cachacawiba.com.br\/wiba\/midias\/","title":{"rendered":"Na m\u00eddia"},"content":{"rendered":"","protected":false},"excerpt":{"rendered":"","protected":false},"author":1,"featured_media":0,"parent":0,"menu_order":0,"comment_status":"closed","ping_status":"closed","template":"page_midia.php","meta":{"_acf_changed":false,"footnotes":""},"class_list":["post-270","page","type-page","status-publish","hentry"],"acf":[],"yoast_head":"<!-- This site is optimized with the Yoast SEO plugin v26.9 - https:\/\/yoast.com\/product\/yoast-seo-wordpress\/ -->\n<title>Cacha\u00e7as Wiba! - veja as not\u00edcias sobre cacha\u00e7a na m\u00eddia<\/title>\n<meta name=\"description\" content=\"Veja todas as not\u00edcias sobre cacha\u00e7a que foram publicadas nos jornais, revistas ou apareceram nas tvs e tamb\u00e9m em diversas m\u00eddias sociais.\" \/>\n<meta name=\"robots\" content=\"index, follow, max-snippet:-1, max-image-preview:large, max-video-preview:-1\" \/>\n<link rel=\"canonical\" href=\"https:\/\/cachacawiba.com.br\/wiba\/midias\/\" \/>\n<meta property=\"og:locale\" content=\"pt_BR\" \/>\n<meta property=\"og:type\" content=\"article\" \/>\n<meta property=\"og:title\" content=\"Cacha\u00e7as Wiba! - veja as not\u00edcias sobre cacha\u00e7a na m\u00eddia\" \/>\n<meta property=\"og:description\" content=\"Veja todas as not\u00edcias sobre cacha\u00e7a que foram publicadas nos jornais, revistas ou apareceram nas tvs e tamb\u00e9m em diversas m\u00eddias sociais.\" \/>\n<meta property=\"og:url\" content=\"https:\/\/cachacawiba.com.br\/wiba\/midias\/\" \/>\n<meta property=\"og:site_name\" content=\"Cacha\u00e7as Wiba! - Sensa\u00e7\u00f5es em Cacha\u00e7a\" \/>\n<meta property=\"article:modified_time\" content=\"2019-04-10T01:22:15+00:00\" \/>\n<meta name=\"twitter:card\" content=\"summary_large_image\" \/>\n<script type=\"application\/ld+json\" class=\"yoast-schema-graph\">{\"@context\":\"https:\/\/schema.org\",\"@graph\":[{\"@type\":\"WebPage\",\"@id\":\"https:\/\/cachacawiba.com.br\/wiba\/midias\/\",\"url\":\"https:\/\/cachacawiba.com.br\/wiba\/midias\/\",\"name\":\"Cacha\u00e7as Wiba! - veja as not\u00edcias sobre cacha\u00e7a na m\u00eddia\",\"isPartOf\":{\"@id\":\"https:\/\/cachacawiba.com.br\/wiba\/#website\"},\"datePublished\":\"2017-10-04T14:22:52+00:00\",\"dateModified\":\"2019-04-10T01:22:15+00:00\",\"description\":\"Veja todas as not\u00edcias sobre cacha\u00e7a que foram publicadas nos jornais, revistas ou apareceram nas tvs e tamb\u00e9m em diversas m\u00eddias sociais.\",\"breadcrumb\":{\"@id\":\"https:\/\/cachacawiba.com.br\/wiba\/midias\/#breadcrumb\"},\"inLanguage\":\"pt-BR\",\"potentialAction\":[{\"@type\":\"ReadAction\",\"target\":[\"https:\/\/cachacawiba.com.br\/wiba\/midias\/\"]}]},{\"@type\":\"BreadcrumbList\",\"@id\":\"https:\/\/cachacawiba.com.br\/wiba\/midias\/#breadcrumb\",\"itemListElement\":[{\"@type\":\"ListItem\",\"position\":1,\"name\":\"In\u00edcio\",\"item\":\"https:\/\/cachacawiba.com.br\/wiba\/\"},{\"@type\":\"ListItem\",\"position\":2,\"name\":\"Na m\u00eddia\"}]},{\"@type\":\"WebSite\",\"@id\":\"https:\/\/cachacawiba.com.br\/wiba\/#website\",\"url\":\"https:\/\/cachacawiba.com.br\/wiba\/\",\"name\":\"Cacha\u00e7as Wiba! - Sensa\u00e7\u00f5es em Cacha\u00e7a\",\"description\":\"Sensa\u00e7\u00f5es em cacha\u00e7a\",\"potentialAction\":[{\"@type\":\"SearchAction\",\"target\":{\"@type\":\"EntryPoint\",\"urlTemplate\":\"https:\/\/cachacawiba.com.br\/wiba\/?s={search_term_string}\"},\"query-input\":{\"@type\":\"PropertyValueSpecification\",\"valueRequired\":true,\"valueName\":\"search_term_string\"}}],\"inLanguage\":\"pt-BR\"}]}<\/script>\n<!-- \/ Yoast SEO plugin. -->","yoast_head_json":{"title":"Cacha\u00e7as Wiba! - veja as not\u00edcias sobre cacha\u00e7a na m\u00eddia","description":"Veja todas as not\u00edcias sobre cacha\u00e7a que foram publicadas nos jornais, revistas ou apareceram nas tvs e tamb\u00e9m em diversas m\u00eddias sociais.","robots":{"index":"index","follow":"follow","max-snippet":"max-snippet:-1","max-image-preview":"max-image-preview:large","max-video-preview":"max-video-preview:-1"},"canonical":"https:\/\/cachacawiba.com.br\/wiba\/midias\/","og_locale":"pt_BR","og_type":"article","og_title":"Cacha\u00e7as Wiba! - veja as not\u00edcias sobre cacha\u00e7a na m\u00eddia","og_description":"Veja todas as not\u00edcias sobre cacha\u00e7a que foram publicadas nos jornais, revistas ou apareceram nas tvs e tamb\u00e9m em diversas m\u00eddias sociais.","og_url":"https:\/\/cachacawiba.com.br\/wiba\/midias\/","og_site_name":"Cacha\u00e7as Wiba! - Sensa\u00e7\u00f5es em Cacha\u00e7a","article_modified_time":"2019-04-10T01:22:15+00:00","twitter_card":"summary_large_image","schema":{"@context":"https:\/\/schema.org","@graph":[{"@type":"WebPage","@id":"https:\/\/cachacawiba.com.br\/wiba\/midias\/","url":"https:\/\/cachacawiba.com.br\/wiba\/midias\/","name":"Cacha\u00e7as Wiba! - veja as not\u00edcias sobre cacha\u00e7a na m\u00eddia","isPartOf":{"@id":"https:\/\/cachacawiba.com.br\/wiba\/#website"},"datePublished":"2017-10-04T14:22:52+00:00","dateModified":"2019-04-10T01:22:15+00:00","description":"Veja todas as not\u00edcias sobre cacha\u00e7a que foram publicadas nos jornais, revistas ou apareceram nas tvs e tamb\u00e9m em diversas m\u00eddias sociais.","breadcrumb":{"@id":"https:\/\/cachacawiba.com.br\/wiba\/midias\/#breadcrumb"},"inLanguage":"pt-BR","potentialAction":[{"@type":"ReadAction","target":["https:\/\/cachacawiba.com.br\/wiba\/midias\/"]}]},{"@type":"BreadcrumbList","@id":"https:\/\/cachacawiba.com.br\/wiba\/midias\/#breadcrumb","itemListElement":[{"@type":"ListItem","position":1,"name":"In\u00edcio","item":"https:\/\/cachacawiba.com.br\/wiba\/"},{"@type":"ListItem","position":2,"name":"Na m\u00eddia"}]},{"@type":"WebSite","@id":"https:\/\/cachacawiba.com.br\/wiba\/#website","url":"https:\/\/cachacawiba.com.br\/wiba\/","name":"Cacha\u00e7as Wiba! - Sensa\u00e7\u00f5es em Cacha\u00e7a","description":"Sensa\u00e7\u00f5es em cacha\u00e7a","potentialAction":[{"@type":"SearchAction","target":{"@type":"EntryPoint","urlTemplate":"https:\/\/cachacawiba.com.br\/wiba\/?s={search_term_string}"},"query-input":{"@type":"PropertyValueSpecification","valueRequired":true,"valueName":"search_term_string"}}],"inLanguage":"pt-BR"}]}},"_links":{"self":[{"href":"https:\/\/cachacawiba.com.br\/wiba\/wp-json\/wp\/v2\/pages\/270","targetHints":{"allow":["GET"]}}],"collection":[{"href":"https:\/\/cachacawiba.com.br\/wiba\/wp-json\/wp\/v2\/pages"}],"about":[{"href":"https:\/\/cachacawiba.com.br\/wiba\/wp-json\/wp\/v2\/types\/page"}],"author":[{"embeddable":true,"href":"https:\/\/cachacawiba.com.br\/wiba\/wp-json\/wp\/v2\/users\/1"}],"replies":[{"embeddable":true,"href":"https:\/\/cachacawiba.com.br\/wiba\/wp-json\/wp\/v2\/comments?post=270"}],"version-history":[{"count":4,"href":"https:\/\/cachacawiba.com.br\/wiba\/wp-json\/wp\/v2\/pages\/270\/revisions"}],"predecessor-version":[{"id":308,"href":"https:\/\/cachacawiba.com.br\/wiba\/wp-json\/wp\/v2\/pages\/270\/revisions\/308"}],"wp:attachment":[{"href":"https:\/\/cachacawiba.com.br\/wiba\/wp-json\/wp\/v2\/media?parent=270"}],"curies":[{"name":"wp","href":"https:\/\/api.w.org\/{rel}","templated":true}]}}