{"id":19595,"date":"2021-02-28T18:01:09","date_gmt":"2021-02-28T21:01:09","guid":{"rendered":"https:\/\/cachacawiba.com.br\/wiba\/?page_id=19595"},"modified":"2021-04-05T16:15:56","modified_gmt":"2021-04-05T19:15:56","slug":"drinks-com-cachaca","status":"publish","type":"page","link":"https:\/\/cachacawiba.com.br\/wiba\/drinks-com-cachaca\/","title":{"rendered":"Drinks com cacha\u00e7a"},"content":{"rendered":"<p>N\u00f3s amamos a qualidade e o sabor original do produto puro, por isso criamos a <a href=\"https:\/\/cachacawiba.com.br\/wiba\/cachaca-com-frutas\/\"><strong>Caipirinha na boca<\/strong><\/a>, mas se voc\u00ea est\u00e1 procurando receitas maravilhosas de <strong><a href=\"https:\/\/cachacawiba.com.br\/wiba\/noticias\/drinks-com-cachaca-em-casa\/\">drinks com cacha\u00e7a<\/a><\/strong>, voc\u00ea est\u00e1 no lugar certo! Prepare-se para come\u00e7ar a fazer os seus pr\u00f3prios drinks em casa e descobrir a cacha\u00e7a al\u00e9m da caipirinha.  Mas se voc\u00ea ainda tem d\u00favida se deve ou n\u00e3o investir no destilado, veja esses <em><strong><a href=\"https:\/\/cachacawiba.com.br\/wiba\/noticias\/cachaca-drinks\/\">3 motivos para come\u00e7ar a usar a cacha\u00e7a em seus drinks<\/a><\/strong><\/em><a href=\"https:\/\/cachacawiba.com.br\/wiba\/noticias\/cachaca-drinks\/\"><em><strong>.<\/strong><\/em><\/a><\/p><h3 class=\"wp-block-heading\">Como ver a receita completa dos drinks com cacha\u00e7a?<\/h3><p>Basta clicar na imagem da receita ou clicar em algum dos tr\u00eas \u00edcones: <img loading=\"lazy\" decoding=\"async\" width=\"109\" height=\"37\" class=\"wp-image-20428\" style=\"width: 109px\" src=\"https:\/\/cachacawiba.com.br\/wiba\/wp-content\/uploads\/2021\/03\/i\u0301cones.png\" alt=\"\"><\/p><h3 class=\"wp-block-heading\"> Compartilhe suas experi\u00eancias!<\/h3><p>Vamos adorar ver a sua vers\u00e3o de drink! Marca a gente em nosso instagram <a href=\"https:\/\/www.instagram.com\/cachacawiba\/\">@cachacawiba.<\/a> J\u00e1 estamos curiosos para ver o resultado! \ud83d\ude09<\/p>","protected":false},"excerpt":{"rendered":"<p>N\u00f3s amamos a qualidade e o sabor original do produto puro, por isso criamos a Caipirinha na boca, mas se voc\u00ea est\u00e1 procurando receitas maravilhosas de drinks com cacha\u00e7a, voc\u00ea est\u00e1 no lugar certo! Prepare-se para come\u00e7ar a fazer os seus pr\u00f3prios drinks em casa e descobrir a cacha\u00e7a al\u00e9m da caipirinha. Mas se voc\u00ea [&hellip;]<\/p>\n","protected":false},"author":4,"featured_media":0,"parent":0,"menu_order":0,"comment_status":"closed","ping_status":"closed","template":"page_drinks.php","meta":{"_acf_changed":false,"footnotes":""},"class_list":["post-19595","page","type-page","status-publish","hentry"],"acf":[],"yoast_head":"<!-- This site is optimized with the Yoast SEO plugin v26.9 - https:\/\/yoast.com\/product\/yoast-seo-wordpress\/ -->\n<title>Os Melhores Drinks Com Cacha\u00e7a - Cacha\u00e7a WIBA!<\/title>\n<meta name=\"description\" content=\"Aprenda a fazer os melhores drinks com cacha\u00e7a. Selecionamos as melhores receitas para voc\u00ea come\u00e7ar a colocar a m\u00e3o na massa, ou melhor, na coqueteleira.\" \/>\n<meta name=\"robots\" content=\"index, follow, max-snippet:-1, max-image-preview:large, max-video-preview:-1\" \/>\n<link rel=\"canonical\" href=\"https:\/\/cachacawiba.com.br\/wiba\/drinks-com-cachaca\/\" \/>\n<meta property=\"og:locale\" content=\"pt_BR\" \/>\n<meta property=\"og:type\" content=\"article\" \/>\n<meta property=\"og:title\" content=\"Os Melhores Drinks Com Cacha\u00e7a - Cacha\u00e7a WIBA!\" \/>\n<meta property=\"og:description\" content=\"Aprenda a fazer os melhores drinks com cacha\u00e7a. Selecionamos as melhores receitas para voc\u00ea come\u00e7ar a colocar a m\u00e3o na massa, ou melhor, na coqueteleira.\" \/>\n<meta property=\"og:url\" content=\"https:\/\/cachacawiba.com.br\/wiba\/drinks-com-cachaca\/\" \/>\n<meta property=\"og:site_name\" content=\"Cacha\u00e7as Wiba! - Sensa\u00e7\u00f5es em Cacha\u00e7a\" \/>\n<meta property=\"article:modified_time\" content=\"2021-04-05T19:15:56+00:00\" \/>\n<meta name=\"twitter:card\" content=\"summary_large_image\" \/>\n<meta name=\"twitter:label1\" content=\"Est. tempo de leitura\" \/>\n\t<meta name=\"twitter:data1\" content=\"1 minuto\" \/>\n<script type=\"application\/ld+json\" class=\"yoast-schema-graph\">{\"@context\":\"https:\/\/schema.org\",\"@graph\":[{\"@type\":\"WebPage\",\"@id\":\"https:\/\/cachacawiba.com.br\/wiba\/drinks-com-cachaca\/\",\"url\":\"https:\/\/cachacawiba.com.br\/wiba\/drinks-com-cachaca\/\",\"name\":\"Os Melhores Drinks Com Cacha\u00e7a - Cacha\u00e7a WIBA!\",\"isPartOf\":{\"@id\":\"https:\/\/cachacawiba.com.br\/wiba\/#website\"},\"datePublished\":\"2021-02-28T21:01:09+00:00\",\"dateModified\":\"2021-04-05T19:15:56+00:00\",\"description\":\"Aprenda a fazer os melhores drinks com cacha\u00e7a. Selecionamos as melhores receitas para voc\u00ea come\u00e7ar a colocar a m\u00e3o na massa, ou melhor, na coqueteleira.\",\"breadcrumb\":{\"@id\":\"https:\/\/cachacawiba.com.br\/wiba\/drinks-com-cachaca\/#breadcrumb\"},\"inLanguage\":\"pt-BR\",\"potentialAction\":[{\"@type\":\"ReadAction\",\"target\":[\"https:\/\/cachacawiba.com.br\/wiba\/drinks-com-cachaca\/\"]}]},{\"@type\":\"BreadcrumbList\",\"@id\":\"https:\/\/cachacawiba.com.br\/wiba\/drinks-com-cachaca\/#breadcrumb\",\"itemListElement\":[{\"@type\":\"ListItem\",\"position\":1,\"name\":\"In\u00edcio\",\"item\":\"https:\/\/cachacawiba.com.br\/wiba\/\"},{\"@type\":\"ListItem\",\"position\":2,\"name\":\"Drinks com cacha\u00e7a\"}]},{\"@type\":\"WebSite\",\"@id\":\"https:\/\/cachacawiba.com.br\/wiba\/#website\",\"url\":\"https:\/\/cachacawiba.com.br\/wiba\/\",\"name\":\"Cacha\u00e7as Wiba! - Sensa\u00e7\u00f5es em Cacha\u00e7a\",\"description\":\"Sensa\u00e7\u00f5es em cacha\u00e7a\",\"potentialAction\":[{\"@type\":\"SearchAction\",\"target\":{\"@type\":\"EntryPoint\",\"urlTemplate\":\"https:\/\/cachacawiba.com.br\/wiba\/?s={search_term_string}\"},\"query-input\":{\"@type\":\"PropertyValueSpecification\",\"valueRequired\":true,\"valueName\":\"search_term_string\"}}],\"inLanguage\":\"pt-BR\"}]}<\/script>\n<!-- \/ Yoast SEO plugin. -->","yoast_head_json":{"title":"Os Melhores Drinks Com Cacha\u00e7a - Cacha\u00e7a WIBA!","description":"Aprenda a fazer os melhores drinks com cacha\u00e7a. Selecionamos as melhores receitas para voc\u00ea come\u00e7ar a colocar a m\u00e3o na massa, ou melhor, na coqueteleira.","robots":{"index":"index","follow":"follow","max-snippet":"max-snippet:-1","max-image-preview":"max-image-preview:large","max-video-preview":"max-video-preview:-1"},"canonical":"https:\/\/cachacawiba.com.br\/wiba\/drinks-com-cachaca\/","og_locale":"pt_BR","og_type":"article","og_title":"Os Melhores Drinks Com Cacha\u00e7a - Cacha\u00e7a WIBA!","og_description":"Aprenda a fazer os melhores drinks com cacha\u00e7a. Selecionamos as melhores receitas para voc\u00ea come\u00e7ar a colocar a m\u00e3o na massa, ou melhor, na coqueteleira.","og_url":"https:\/\/cachacawiba.com.br\/wiba\/drinks-com-cachaca\/","og_site_name":"Cacha\u00e7as Wiba! - Sensa\u00e7\u00f5es em Cacha\u00e7a","article_modified_time":"2021-04-05T19:15:56+00:00","twitter_card":"summary_large_image","twitter_misc":{"Est. tempo de leitura":"1 minuto"},"schema":{"@context":"https:\/\/schema.org","@graph":[{"@type":"WebPage","@id":"https:\/\/cachacawiba.com.br\/wiba\/drinks-com-cachaca\/","url":"https:\/\/cachacawiba.com.br\/wiba\/drinks-com-cachaca\/","name":"Os Melhores Drinks Com Cacha\u00e7a - Cacha\u00e7a WIBA!","isPartOf":{"@id":"https:\/\/cachacawiba.com.br\/wiba\/#website"},"datePublished":"2021-02-28T21:01:09+00:00","dateModified":"2021-04-05T19:15:56+00:00","description":"Aprenda a fazer os melhores drinks com cacha\u00e7a. Selecionamos as melhores receitas para voc\u00ea come\u00e7ar a colocar a m\u00e3o na massa, ou melhor, na coqueteleira.","breadcrumb":{"@id":"https:\/\/cachacawiba.com.br\/wiba\/drinks-com-cachaca\/#breadcrumb"},"inLanguage":"pt-BR","potentialAction":[{"@type":"ReadAction","target":["https:\/\/cachacawiba.com.br\/wiba\/drinks-com-cachaca\/"]}]},{"@type":"BreadcrumbList","@id":"https:\/\/cachacawiba.com.br\/wiba\/drinks-com-cachaca\/#breadcrumb","itemListElement":[{"@type":"ListItem","position":1,"name":"In\u00edcio","item":"https:\/\/cachacawiba.com.br\/wiba\/"},{"@type":"ListItem","position":2,"name":"Drinks com cacha\u00e7a"}]},{"@type":"WebSite","@id":"https:\/\/cachacawiba.com.br\/wiba\/#website","url":"https:\/\/cachacawiba.com.br\/wiba\/","name":"Cacha\u00e7as Wiba! - Sensa\u00e7\u00f5es em Cacha\u00e7a","description":"Sensa\u00e7\u00f5es em cacha\u00e7a","potentialAction":[{"@type":"SearchAction","target":{"@type":"EntryPoint","urlTemplate":"https:\/\/cachacawiba.com.br\/wiba\/?s={search_term_string}"},"query-input":{"@type":"PropertyValueSpecification","valueRequired":true,"valueName":"search_term_string"}}],"inLanguage":"pt-BR"}]}},"_links":{"self":[{"href":"https:\/\/cachacawiba.com.br\/wiba\/wp-json\/wp\/v2\/pages\/19595","targetHints":{"allow":["GET"]}}],"collection":[{"href":"https:\/\/cachacawiba.com.br\/wiba\/wp-json\/wp\/v2\/pages"}],"about":[{"href":"https:\/\/cachacawiba.com.br\/wiba\/wp-json\/wp\/v2\/types\/page"}],"author":[{"embeddable":true,"href":"https:\/\/cachacawiba.com.br\/wiba\/wp-json\/wp\/v2\/users\/4"}],"replies":[{"embeddable":true,"href":"https:\/\/cachacawiba.com.br\/wiba\/wp-json\/wp\/v2\/comments?post=19595"}],"version-history":[{"count":22,"href":"https:\/\/cachacawiba.com.br\/wiba\/wp-json\/wp\/v2\/pages\/19595\/revisions"}],"predecessor-version":[{"id":21323,"href":"https:\/\/cachacawiba.com.br\/wiba\/wp-json\/wp\/v2\/pages\/19595\/revisions\/21323"}],"wp:attachment":[{"href":"https:\/\/cachacawiba.com.br\/wiba\/wp-json\/wp\/v2\/media?parent=19595"}],"curies":[{"name":"wp","href":"https:\/\/api.w.org\/{rel}","templated":true}]}}